{"id":2,"date":"2018-02-11T11:56:48","date_gmt":"2018-02-11T10:56:48","guid":{"rendered":"http:\/\/www.evematringe.eu\/bl0g\/?page_id=2"},"modified":"2025-09-05T12:07:20","modified_gmt":"2025-09-05T10:07:20","slug":"a-propos","status":"publish","type":"page","link":"https:\/\/www.evematringe.eu\/bl0g\/a-propos\/","title":{"rendered":"A propos"},"content":{"rendered":"<p style=\"text-align: justify;\">Directeur de la publication: Eve Matringe<\/p>\n<div id=\"precisions-generales\" class=\"section\" style=\"text-align: justify;\">\n<h2>Pr\u00e9cisions g\u00e9n\u00e9rales<\/h2>\n<p>Je suis docteur en droit.<\/p>\n<p>La liste de mes publications est consultable sur <a href=\"https:\/\/cv.archives-ouvertes.fr\/eve-matringe\">HAL<\/a> (qui est la plateforme publique de diffusion des savoirs francophones, aka <a href=\"https:\/\/hal.archives-ouvertes.fr\">Hyper Archive en Ligne<\/a>).<\/p>\n<p>Auparavant, mon blog \u00e9tait accessible sous l&rsquo;url www.evematringe.fr\/blog que j&rsquo;ai abandonn\u00e9 pour le .eu. Las, un individu a d\u00e9cid\u00e9 de devenir propri\u00e9taire de ce nom de domaine en d\u00e9sh\u00e9rence (c&rsquo;est son droit), et il y a publi\u00e9 du contenu pseudo juridique (ce qui pourrait constituer une usurpation d&rsquo;identit\u00e9, voire de titre), avec lequel je ne suis pas du tout d&rsquo;accord (ce n&rsquo;est pas un hasard, ce contenu \u00a0n&rsquo;a \u00e9t\u00e9 publi\u00e9 que sous ce nom de domaine, j&rsquo;en conclu que c&rsquo;est cibl\u00e9 et fait dans le but de me contraindre \u00e0 racheter ledit nom de domaine). Par la suite, l&rsquo;individu en question a mis en place un renvoi vers un autre site internet, avec lequel je n&rsquo;ai aucun lien (de toute fa\u00e7on, une lecture sommaire suffira pour vous convaincre que le style du site en question n&rsquo;a rien \u00e0 voir avec ce que je publie ici).<\/p>\n<p>Par une <a href=\"https:\/\/www.evematringe.eu\/bl0g\/jurisprudence\/decision-de-lafnic-evematringe-fr-demande-n-fr-2020-01979\/\">d\u00e9cision du 21 avril 2020<\/a>, l&rsquo;AFNIC m&rsquo;a accord\u00e9 le transfert du nom de domaine evematringe.fr.<\/p>\n<p>L&rsquo;\u00e9diteur de ce blog est tenu d&rsquo;agir avec diligence pour retirer tout contenu manifestement illicite, inappropri\u00e9, ou contrevenant aux droits de tiers, sous r\u00e9serve que ceux-ci soient clairement identifi\u00e9s dans le mail de r\u00e9clamation (i.e. indiquez une url a minima, et dans l&rsquo;id\u00e9al, la citation du passage querell\u00e9). Toute demande doit \u00eatre adress\u00e9e \u00e0 eve.matringe AT barreau.lu<\/p>\n<p>S&rsquo;agissant du contenu de ce blog, et notamment des textes de d\u00e9cision ou de loi, il est fortement conseill\u00e9 de se procurer l&rsquo;\u00e9dition originale aupr\u00e8s de la source du pr\u00e9dit texte. En tout cas, je d\u00e9cline toute responsabilit\u00e9 pour une \u00e9ventuelle erreur, coquille, ou autre malfa\u00e7on qui aurait \u00e9chapp\u00e9 \u00e0 mes soins, ainsi que pour toute interpr\u00e9tation que le lecteur pourrait en tirer.<\/p>\n<\/div>\n<div id=\"parce-que\" class=\"section\" style=\"text-align: justify;\">\n<h2>Parce que<\/h2>\n<p>Le texte d\u2019incise du blog originel www.evematringe.fr\/blog \u00e9tait \u00a0\u00bb <em>Jus et natura nihil operantur frustra<\/em>\u00a0\u00bb une adaptation de la maxime \u00ab <cite>ars et natura nihil operantur frustra<\/cite> \u00bb, l\u2019art et la nature ne font rien en vain, attribu\u00e9e \u00e0 Aristote. Le terme d\u2019art doit ici \u00eatre compris comme <cite>ce qui s\u2019apprend pour \u00eatre mis en pratique<\/cite>. La formule de base m\u2019avait \u00e9t\u00e9 indiqu\u00e9e par une amie latiniste, docteure en histoire du droit, que je remercie.<\/p>\n<p>Aujourd&rsquo;hui, l&rsquo;incipit est <cite>Curiositay, j&rsquo;\u00e9cris ton nom.<\/cite> J&rsquo;aurais voulu avoir le souffle lyrique d&rsquo;Eluard pour en faire un <a href=\"http:\/\/www.poetica.fr\/poeme-279\/liberte-paul-eluard\/\">po\u00e8me<\/a>.<\/p>\n<\/div>\n<div id=\"mentions-legales\" class=\"section\" style=\"text-align: justify;\">\n<h2>Mentions l\u00e9gales<\/h2>\n<p>Le serveur qui h\u00e9berge ce blog est aux Pays-Bas, et la compagnie qui le fournit a son si\u00e8ge aux USA, mais il est \u00e9vident que ce blog est soumis au droit luxembourgeois en raison des liens plus \u00e9troits avec ce pays et par votre totale acceptation de cette clause du fait de votre lecture attentive desdites mentions l\u00e9gales, laquelle emporte acceptation pleine et enti\u00e8re.<\/p>\n<\/div>\n<div id=\"conditions-dutilisation-du-site-internet\" class=\"section\" style=\"text-align: justify;\">\n<h2>Conditions d\u2019utilisation du Site Internet<\/h2>\n<p>Si vous souhaitez v\u00e9rifier la s\u00e9curit\u00e9 de ce modeste blog, libre \u00e0 vous (i. e. je ne vais pas courir \u00e0 la police avec votre IP). Veillez cependant \u00e0 ne pas nuire \u00e0 mon h\u00e9bergeur qui n\u2019a rien demand\u00e9. Le cas \u00e9ch\u00e9ant, n\u2019h\u00e9sitez pas \u00e0 me mailer et\/ou \u00e0 proposer des patchs pour wordpress ou autres (ou \u00e0 venir m&rsquo;en parler \u00e0 l&rsquo;occasion).<\/p>\n<\/div>\n<div id=\"contact\" class=\"section\" style=\"text-align: justify;\">\n<h2>Contact<\/h2>\n<p>Le plus simple est de me contacter sur eve.matringe AT barreau.lu<\/p>\n<p>NB. Je ne suis sur aucun autre r\u00e9seau social, donc inutile d&rsquo;\u00e9plucher Tinder par ex. Si un individu bas\u00e9 dans un lointain pays vous maile de ma part en vous informant que je pourrais vous virer 50 millions provenant d&rsquo;un h\u00e9ritage apr\u00e8s payement des frais de justice, je vous invite \u00e0 contacter la police de toute urgence pour leur signaler la chose. Vous aurez ainsi confirmation que le maniement de fonds de tiers ne se d\u00e9roule pas ainsi. \ud83d\ude09<\/p>\n<\/div>\n<div id=\"avertissement\" class=\"section\" style=\"text-align: justify;\">\n<h2>AVERTISSEMENT<\/h2>\n<p>Je ne donne pas d&rsquo;avis juridique, ni de consultation par internet. Il est donc inutile de m&rsquo;envoyer votre dossier (ou celui de votre voisin que vous avez tr\u00e8s fort envie d&rsquo;aider, \u00e7a ne marche pas comme \u00e7a).<\/p>\n<\/div>\n<div id=\"donnees-personnelles\" class=\"section\" style=\"text-align: justify;\">\n<h2>Donn\u00e9es personnelles<\/h2>\n<p>Comme le blog est configur\u00e9 pour ne pas collecter de donn\u00e9es personnelles en soi, je ne peux que vous renvoyer \u00e0 la <a href=\"https:\/\/www.evematringe.eu\/bl0g\/politique-de-cookies\/\">politique de cookies<\/a>.<\/p>\n<p>Auparavant, lorsque ce blog se trouvait sous le nom de domaine www.evematringe.fr, j&rsquo;indiquais que Les donn\u00e9es collect\u00e9es \u00e0 l\u2019occasion d\u2019un blog tenu par un particulier sont dispens\u00e9es de d\u00e9claration CNIL (d\u00e9lib\u00e9ration n\u00b02005-284 du 22 novembre 2005 d\u00e9cidant la dispense de d\u00e9claration des sites web diffusant ou collectant des donn\u00e9es \u00e0 caract\u00e8re personnel mis en \u0153uvre par des particuliers dans le cadre d\u2019une activit\u00e9 exclusivement personnelle (Dispense n\u00b06). Le site avait cependant fait l\u2019objet de la d\u00e9claration CNIL n\u00b01331538 dans la mesure o\u00f9 je ne savais pas comment il allait \u00e9voluer. Cette d\u00e9claration a \u00e9t\u00e9 d\u00e9nonc\u00e9e par mes soins en son temps, puisque je n&rsquo;\u00e9tait pas en mesure de savoir ce que faisait le titulaire du nom de domaine en .fr jusqu&rsquo;\u00e0 ce que l&rsquo;<a href=\"https:\/\/www.evematringe.eu\/bl0g\/jurisprudence\/decision-de-lafnic-evematringe-fr-demande-n-fr-2020-01979\/\">AFNIC ordonne le transfert \u00e0 mon profit<\/a>.<\/p>\n<\/div>\n<div id=\"intendance\" class=\"section\" style=\"text-align: justify;\">\n<h2>Intendance<\/h2>\n<p>Ce site a \u00e9t\u00e9 r\u00e9alis\u00e9 avec un logiciel libre (libre comme \u00ab\u00a0Libert\u00e9, j&rsquo;\u00e9cris ton nom\u00a0\u00bb, pas libre comme \u00ab\u00a0openbar\u00a0\u00bb) (<a class=\"reference external\" href=\"https:\/\/www.gnu.org\/philosophy\/free-sw.html\">https:\/\/www.gnu.org\/philosophy\/free-sw.html<\/a>), dont la page d&rsquo;accueil est (<a href=\"https:\/\/wordpress.org\">https:\/\/wordpress.org<\/a><a class=\"reference external\" href=\"https:\/\/wordpress.org\">\/<\/a>).<\/p>\n<div id=\"promouvoir-et-soutenir-le-logiciel-libre\" class=\"section\">\n<h3>Promouvoir et soutenir le logiciel libre<\/h3>\n<div id=\"en-general\" class=\"section\">\n<h4>En g\u00e9n\u00e9ral<\/h4>\n<p><a class=\"reference external\" href=\"https:\/\/www.gnu.org\">https:\/\/www.gnu.org<\/a><\/p>\n<p><a class=\"reference external\" href=\"http:\/\/www.fsf.org\">http:\/\/www.fsf.org<\/a><\/p>\n<\/div>\n<div id=\"en-particulier\" class=\"section\">\n<h4>En particulier<\/h4>\n<p><a href=\"http:\/\/april.org\/\">www.april.org<\/a><\/p>\n<p><a class=\"reference external\" href=\"https:\/\/www.foo.be\/current\/aidill\/aidill-report.pdf\">https:\/\/www.foo.be\/current\/aidill\/aidill-report.pdf<\/a><\/p>\n<\/div>\n<\/div>\n<\/div>\n<div id=\"propriete-intellectuelle\" class=\"section\" style=\"text-align: justify;\">\n<h2>Propri\u00e9t\u00e9 intellectuelle<\/h2>\n<p>S&rsquo;agissant de mon ancien blog, il y \u00e9tait indiqu\u00e9 que<\/p>\n<blockquote><p>\u00ab\u00a0<em>Les textes du Blog Juridique by Eve Matringe ou www.evematringe.fr\/blog ont \u00e9t\u00e9 mis \u00e0 disposition selon les termes de la licence Creative Commons Paternit\u00e9-Pas d\u2019Utilisation Commerciale-Pas de Modification 2.0 France. Les autorisations au-del\u00e0 du champ de cette licence peuvent \u00eatre obtenues en m&rsquo;\u00e9crivant<\/em>\u00ab\u00a0.<\/p><\/blockquote>\n<p>Pour ceux qui ont \u00ab\u00a0<em>emprunt\u00e9<\/em>\u00a0\u00bb un billet de blog int\u00e9gralement sans avoir la prudence de mettre une note de bas de page, qu&rsquo;ils sachent qu&rsquo;internet n&rsquo;oublie rien et qu&rsquo;il y a plein de \u00ab\u00a0fouineurs\u00a0\u00bb qui se font une joie de d\u00e9celer ce genre de travers. Je les invite donc \u00e0 m&rsquo;envoyer un mail d&rsquo;explication amiable ou \u00e0 pr\u00e9parer leur ch\u00e9quier pour les droits d&rsquo;auteur.<\/p>\n<p>Pour ce blog-ci, vous trouverez la mention en question en bas de page.<\/p>\n<\/div>\n<div id=\"loi-applicable-et-tribunal-competent\" class=\"section\">\n<h2 style=\"text-align: justify;\">Loi applicable et tribunal comp\u00e9tent<\/h2>\n<p style=\"text-align: justify;\">Tout litige relatif au Site Internet, sa consultation ou son utilisation par l\u2019Utilisateur est soumis \u00e0 la loi luxembourgeoise et rel\u00e8ve de la comp\u00e9tence des tribunaux luxembourgeois. L&rsquo;utilisation du site emporte accord sur ce point.<\/p>\n<p style=\"text-align: justify;\">De fa\u00e7on plus g\u00e9n\u00e9rale, si vous avez quelque chose \u00e0 me dire sur le contenu de ce blog, je vous sugg\u00e8re de m\u2019envoyer un mail (eve.matringe AT barreau.lu) avant de saisir un huissier ou d&rsquo;envoyer une LRAR.<\/p>\n<p style=\"text-align: justify;\">De la m\u00eame fa\u00e7on, si vous souhaitez exercer un droit de r\u00e9ponse au sens de la loi sur la presse de droit fran\u00e7ais (qui n&rsquo;existe pas en tant qu&rsquo;obligation au Luxembourg (<a class=\"reference external\" href=\"http:\/\/blog.thewes-reuter.lu\/?p=1369\">https:\/\/blog.thewes-reuter.lu\/?p=1369<\/a> NB. si le site du confr\u00e8re est dans les choux, je vous sugg\u00e8re d&rsquo;utiliser archive.org pour r\u00e9cup\u00e9rer son billet), vous pouvez m\u2019envoyer un mail (eve.matringe AT barreau.lu) avant de passer par la LRAR et j&rsquo;aviserai en fonction du contenu de votre missive (i.e. si votre droit de r\u00e9ponse comporte des passages interdits \u00e0 la publication en raison de leur nature (diffamatoire, injurieux, voire pire), je ne le publierai pas).<\/p>\n<p>&nbsp;<\/p>\n<\/div>\n<div><a href=\"http:\/\/creativecommons.org\/licenses\/by-sa\/4.0\/\" rel=\"license\"><img decoding=\"async\" style=\"border-width: 0;\" src=\"https:\/\/i.creativecommons.org\/l\/by-sa\/4.0\/88x31.png\" alt=\"Licence Creative Commons\" \/><\/a><br \/>\nCe(tte) \u0153uvre est mise \u00e0 disposition selon les termes de la <a href=\"http:\/\/creativecommons.org\/licenses\/by-sa\/4.0\/\" rel=\"license\">Licence Creative Commons Attribution &#8211; Partage dans les M\u00eames Conditions 4.0 International<\/a>.<\/div>\n","protected":false},"excerpt":{"rendered":"<p>Directeur de la publication: Eve Matringe Pr\u00e9cisions g\u00e9n\u00e9rales Je suis docteur en droit. La liste de mes publications est consultable sur HAL (qui est la plateforme publique de diffusion des savoirs francophones, aka Hyper Archive en Ligne). Auparavant, mon blog \u00e9tait accessible sous l&rsquo;url www.evematringe.fr\/blog que j&rsquo;ai abandonn\u00e9 pour le .eu. Las, un individu a&hellip; <a class=\"more-link\" href=\"https:\/\/www.evematringe.eu\/bl0g\/a-propos\/\">Poursuivre la lecture <span class=\"screen-reader-text\">A propos<\/span><\/a><\/p>\n","protected":false},"author":1,"featured_media":0,"parent":0,"menu_order":0,"comment_status":"closed","ping_status":"open","template":"","meta":{"_crdt_document":"","footnotes":""},"class_list":["post-2","page","type-page","status-publish","hentry","entry"],"_links":{"self":[{"href":"https:\/\/www.evematringe.eu\/bl0g\/wp-json\/wp\/v2\/pages\/2","targetHints":{"allow":["GET"]}}],"collection":[{"href":"https:\/\/www.evematringe.eu\/bl0g\/wp-json\/wp\/v2\/pages"}],"about":[{"href":"https:\/\/www.evematringe.eu\/bl0g\/wp-json\/wp\/v2\/types\/page"}],"author":[{"embeddable":true,"href":"https:\/\/www.evematringe.eu\/bl0g\/wp-json\/wp\/v2\/users\/1"}],"replies":[{"embeddable":true,"href":"https:\/\/www.evematringe.eu\/bl0g\/wp-json\/wp\/v2\/comments?post=2"}],"version-history":[{"count":21,"href":"https:\/\/www.evematringe.eu\/bl0g\/wp-json\/wp\/v2\/pages\/2\/revisions"}],"predecessor-version":[{"id":45747,"href":"https:\/\/www.evematringe.eu\/bl0g\/wp-json\/wp\/v2\/pages\/2\/revisions\/45747"}],"wp:attachment":[{"href":"https:\/\/www.evematringe.eu\/bl0g\/wp-json\/wp\/v2\/media?parent=2"}],"curies":[{"name":"wp","href":"https:\/\/api.w.org\/{rel}","templated":true}]}}