{"id":612,"date":"2019-04-08T11:48:07","date_gmt":"2019-04-08T09:48:07","guid":{"rendered":"https:\/\/www.evematringe.eu\/bl0g\/?page_id=612"},"modified":"2019-04-08T12:17:04","modified_gmt":"2019-04-08T10:17:04","slug":"docjur","status":"publish","type":"page","link":"https:\/\/www.evematringe.eu\/bl0g\/docjur\/","title":{"rendered":"DocJur"},"content":{"rendered":"<p>Ressources juridiques \u00e9lectroniques<\/p>\n<ul>\n<li><a href=\"http:\/\/eur-lex.europa.eu\/n-lex\/index_fr\">N-Lex<\/a><\/li>\n<\/ul>\n<p>Droit allemand<\/p>\n<ul>\n<li><a href=\"http:\/\/www.gesetze-im-internet.de\/aktuell.html\">Gesetze.de<\/a>\u00a0(publication du droit f\u00e9d\u00e9ral)<\/li>\n<li><a href=\"https:\/\/justiz.de\/onlinedienste\/bundesundlandesrecht\/index.php\">Landesrecht<\/a> (droits des L\u00e4nder, mis en ligne par le Bund)<\/li>\n<li><a href=\"http:\/\/www.rechtsprechung-im-internet.de\/jportal\/portal\/page\/bsjrsprod.psml\">Jurisprudence(s)<\/a> (oui, c&rsquo;est touffu)<\/li>\n<\/ul>\n<p>Droit belge<\/p>\n<p>Droit fran\u00e7ais<\/p>\n<ul>\n<li><a href=\"https:\/\/www.legifrance.gouv.fr\">Legifrance<\/a><\/li>\n<\/ul>\n<p>Droit luxembourgeois<\/p>\n<ul>\n<li><a href=\"http:\/\/legilux.public.lu\">Legilux<\/a><\/li>\n<li><a href=\"https:\/\/justice.public.lu\/fr\/legislation.html\">L\u00e9gislations<\/a><\/li>\n<li><a href=\"https:\/\/justice.public.lu\/fr\/jurisprudence.html\">Jurisprudence<\/a><\/li>\n<\/ul>\n","protected":false},"excerpt":{"rendered":"<p>Ressources juridiques \u00e9lectroniques N-Lex Droit allemand Gesetze.de\u00a0(publication du droit f\u00e9d\u00e9ral) Landesrecht (droits des L\u00e4nder, mis en ligne par le Bund) Jurisprudence(s) (oui, c&rsquo;est touffu) Droit belge Droit fran\u00e7ais Legifrance Droit luxembourgeois Legilux L\u00e9gislations Jurisprudence<\/p>\n","protected":false},"author":1,"featured_media":0,"parent":0,"menu_order":0,"comment_status":"closed","ping_status":"closed","template":"","meta":{"_crdt_document":"","footnotes":""},"class_list":["post-612","page","type-page","status-publish","hentry","entry"],"_links":{"self":[{"href":"https:\/\/www.evematringe.eu\/bl0g\/wp-json\/wp\/v2\/pages\/612","targetHints":{"allow":["GET"]}}],"collection":[{"href":"https:\/\/www.evematringe.eu\/bl0g\/wp-json\/wp\/v2\/pages"}],"about":[{"href":"https:\/\/www.evematringe.eu\/bl0g\/wp-json\/wp\/v2\/types\/page"}],"author":[{"embeddable":true,"href":"https:\/\/www.evematringe.eu\/bl0g\/wp-json\/wp\/v2\/users\/1"}],"replies":[{"embeddable":true,"href":"https:\/\/www.evematringe.eu\/bl0g\/wp-json\/wp\/v2\/comments?post=612"}],"version-history":[{"count":4,"href":"https:\/\/www.evematringe.eu\/bl0g\/wp-json\/wp\/v2\/pages\/612\/revisions"}],"predecessor-version":[{"id":617,"href":"https:\/\/www.evematringe.eu\/bl0g\/wp-json\/wp\/v2\/pages\/612\/revisions\/617"}],"wp:attachment":[{"href":"https:\/\/www.evematringe.eu\/bl0g\/wp-json\/wp\/v2\/media?parent=612"}],"curies":[{"name":"wp","href":"https:\/\/api.w.org\/{rel}","templated":true}]}}